{"id":1329,"date":"2023-04-18T08:32:00","date_gmt":"2023-04-18T06:32:00","guid":{"rendered":"https:\/\/www.suroflex.de\/?page_id=1329"},"modified":"2023-05-04T10:45:38","modified_gmt":"2023-05-04T08:45:38","slug":"datenschutzerklaerung-fuer-bewerber","status":"publish","type":"page","link":"https:\/\/www.suroflex.de\/de_DE\/datenschutzerklaerung-fuer-bewerber\/","title":{"rendered":"Datenschutzerkl\u00e4rung f\u00fcr Bewerber"},"content":{"rendered":"<p>Hiermit informieren wir Sie \u00fcber Zweck, Umfang und Verwendung Ihrer im Zusammenhang mit einer Bewerbung erhobenen personenbezogenen Daten. Erhebung, Verarbeitung und Nutzung Ihrer Daten erfolgt in \u00dcbereinstimmung mit geltendem Datenschutzrecht und allen weiteren gesetzlichen Bestimmungen. Ihre Daten werden vertraulich behandelt.<\/p>\n<p><strong>Verantwortliche Stelle<\/strong><br \/>\nVerantwortlich f\u00fcr die im Rahmen einer Bewerbung verarbeiteten personenbezogenen Daten ist die Suroflex GmbH, Eisenh\u00e4mmerstr. 9 in 92237 Sulzbach-Rosenberg.<\/p>\n<p>Den Datenschutzbeauftragten der Suroflex GmbH erreichen Sie \u00fcber die E-Mailadresse<br \/>\n<a href=\"&#x6d;&#97;&#x69;&#x6c;t&#x6f;&#58;d&#x61;&#116;e&#x6e;&#115;&#x63;&#x68;u&#x74;&#122;&#64;&#x73;&#117;r&#x6f;&#102;&#x6c;&#x65;&#120;&#x2e;&#x64;e\" target=\"_blank\" rel=\"nofollow noopener noreferrer\">&#x64;&#x61;&#x74;&#101;&#110;sc&#x68;&#x75;&#x74;&#x7a;&#64;&#115;ur&#x6f;&#x66;&#x6c;&#101;&#120;&#46;de<\/a><\/p>\n<p><strong>Umfang und Zweck der Datenerhebung<\/strong><br \/>\nWenn Sie uns eine Bewerbung, sei es auf dem Postweg oder per E-Mail, zukommen lassen, verarbeiten wir Ihre von Ihnen oder einen von Ihnen beauftragten Personaldienstleister an uns \u00fcbermittelten oder von uns im Rahmen des Bewerbungsprozesses erstellten personenbezogenen Daten, z. B.<\/p>\n<ul>\n<li>Kontakt- und Kommunikationsdaten<\/li>\n<li>Bewerbungsunterlagen, bzw. Angaben aus Ihren Bewerbungsunterlagen, z. B. Anschreiben, Lebenslauf, Informationen \u00fcber Ihren beruflichen Werdegang, Qualifikationen, Gehaltswunsch, Angaben zu einer bestehenden Behinderung (nur wenn relevant f\u00fcr die zu sesetzende Stelle)<\/li>\n<li>Ggf. uns von Ihnen zur Verf\u00fcgung gestellte Referenzen<\/li>\n<li>Notizen und Ergebnisse aus dem Bewerbungsprozess, soweit dies zur Entscheidung \u00fcber die Begr\u00fcndung eines Besch\u00e4ftigungsverh\u00e4ltnisses erforderlich ist.<\/li>\n<\/ul>\n<p>Ihre personenbezogenen Daten werden innerhalb unseres Unternehmens ausschlie\u00dflich an mit der Bewerbung beteiligten Personen weitergegeben.<br \/>\nIst Ihre Bewerbung erfolgreich, werden die von Ihnen eingereichten Daten auf Grundlage von \u00a7 26 BDSG und Art. 6 Abs. 1 lit. b DSGVO zum Zwecke der Durchf\u00fchrung des Besch\u00e4ftigungsverh\u00e4ltnisses in unseren Datenverarbeitungssystemen gespeichert.<\/p>\n<p><strong>Rechtsgrundlagen<\/strong><br \/>\nRechtsgrundlage hierf\u00fcr sind \u00a7 26 BDSG nach deutschem Recht (Anbahnung eines Besch\u00e4ftigungsverh\u00e4ltnisses), Art. 6 Abs. 1 lit. b DSGVO (allgemeine Vertragsanbahnung) und \u2013 sofern Sie eine Einwilligung erteilt haben \u2013 Art. 6 Abs. 1 lit. a DSGVO.<\/p>\n<p>Ihre Einwilligung k\u00f6nnen Sie jederzeit widerrufen.<\/p>\n<p>Ist Ihre Bewerbung erfolgreich, werden die von Ihnen eingereichten Daten auf Grundlage von \u00a7 26 BDSG und Art. 6 Abs. 1 lit. b DSGVO zum Zwecke der Durchf\u00fchrung des Besch\u00e4ftigungsverh\u00e4ltnisses in unseren Datenverarbeitungssystemen gespeichert.<\/p>\n<p><strong>Aufbewahrungsdauer der Daten<\/strong><br \/>\nSofern wir Ihnen kein Stellenangebot machen k\u00f6nnen, Sie ein Stellenangebot ablehnen oder Ihre Bewerbung zur\u00fcckziehen, behalten wir uns das Recht vor, die von Ihnen \u00fcbermittelten Daten auf Grundlage unserer berechtigten Interessen (Art. 6 Abs. 1 lit. f DSGVO) bis zu 6 Monate ab der Beendigung des Bewerbungsverfahrens (Ablehnung oder Zur\u00fcckziehung der Bewerbung) bei uns aufzubewahren. Die Aufbewahrung dient insbesondere zu Nachweiszwecken im Falle eines Rechtsstreits.<\/p>\n<p>Anschlie\u00dfend werden die Daten gel\u00f6scht und die physischen Bewerbungsunterlagen vernichtet. Sofern ersichtlich ist, dass die Daten nach Ablauf der 6-Monatsfrist erforderlich sein werden (z. B. aufgrund eines drohenden oder anh\u00e4ngigen Rechtsstreits), findet eine L\u00f6schung erst statt, wenn der Zweck f\u00fcr die weitergehende Aufbewahrung entf\u00e4llt.<br \/>\nEine l\u00e4ngere Aufbewahrung kann au\u00dferdem stattfinden, wenn Sie eine entsprechende Einwilligung (Art. 6 Abs. 1 lit. a DSGVO) erteilt haben oder wenn gesetzliche Aufbewahrungspflichten der L\u00f6schung entgegenstehen.<\/p>\n<p>Ist Ihre Bewerbung erfolgreich, werden wir Ihre personenbezogenen Daten w\u00e4hrend der gesamten Dauer Ihres Besch\u00e4ftigungsverh\u00e4ltnisses und dar\u00fcber hinaus gem\u00e4\u00df geltender rechtlicher Vorschriften speichern. Details dazu enth\u00e4lt die \u201eDatenschutzinformation Mitarbeiter\u201c, die wir Ihnen bei Begr\u00fcndung des Besch\u00e4ftigungsverh\u00e4ltnisses zukommen lassen werden.<\/p>\n<p>Sofern wir Ihnen kein Stellenangebot machen, aber die M\u00f6glichkeit sehen, dass ggf. eine andere Stelle in Zukunft f\u00fcr Sie in Frage kommt, besteht die M\u00f6glichkeit, alle Daten und Dokumente aus dem Bewerbungsvorgang f\u00fcr einen l\u00e4ngeren Zeitraum zu speichern, um Sie im Falle passender Vakanzen zu kontaktieren.<\/p>\n<p>Dies geschieht ausschlie\u00dflich auf Grundlage Ihrer ausdr\u00fccklichen Einwilligung (Art. 6 Abs. 1 lit. a DSGVO), diese k\u00f6nnen Sie jederzeit widerrufen. Die Abgabe der Einwilligung ist freiwillig und steht in keinem Bezug zum laufenden Bewerbungsverfahren. Im Falle eines Widerrufs werden die Daten aus dem Bewerberpool unwiderruflich gel\u00f6scht, sofern keine gesetzlichen Aufbewahrungsgr\u00fcnde vorliegen.<\/p>\n<p>Sp\u00e4testens zwei Jahre nach Ihrer Einwilligung werden ihre Daten aus dem Bewerber-Pool unwiderruflich gel\u00f6scht.<\/p>\n<p><strong>Beschwerden \u00fcber die Verarbeitung Ihrer personenbezogenen Daten<\/strong><br \/>\nSollten Sie Bedenken oder eine Frage zu der Verarbeitung Ihrer personenbezogenen Daten und Informationen haben, k\u00f6nnen Sie sich an unsere Personalabteilung oder unter den nachstehenden Kontaktdaten an den betrieblichen Datenschutzbeauftragten oder die Aufsichtsbeh\u00f6rde f\u00fcr den Datenschutz wenden:<\/p>\n<p>Unseren betrieblichen Datenschutzbeauftragten erreichen sie unter der E-Mailadresse: <a href=\"&#x6d;&#97;i&#x6c;&#116;o&#x3a;&#100;a&#x74;&#x65;&#110;&#x73;&#x63;&#104;u&#x74;&#122;&#64;&#x73;&#117;r&#x6f;&#x66;&#108;&#x65;&#x78;&#46;d&#x65;\" target=\"_blank\" rel=\"nofollow noopener noreferrer\">&#100;&#x61;&#x74;e&#110;&#x73;&#x63;h&#117;&#x74;z&#64;&#x73;&#x75;r&#111;&#x66;l&#101;&#x78;&#x2e;d&#101;<\/a><br \/>\nund die Datenschutzbeh\u00f6rde unter der Postanschrift:<\/p>\n<p>Bayerisches Landesamt f\u00fcr Datenschutzaufsicht (BayLDA)<br \/>\nPostfach 1349<br \/>\n91522 Ansbach<br \/>\nTelefon: +49 981 \u2013 180 093-0<br \/>\nE-Mail: <a href=\"&#109;a&#105;l&#116;o&#x3a;p&#x6f;s&#x74;s&#x74;e&#x6c;l&#x65;&#64;&#x6c;d&#x61;&#46;&#x62;a&#x79;&#101;&#x72;&#110;&#x2e;&#100;&#x65;\" target=\"_blank\" rel=\"nofollow noopener noreferrer\">p&#111;&#x73;&#x74;&#x73;t&#101;&#x6c;&#x6c;&#x65;&#64;&#108;&#x64;&#x61;&#x2e;b&#97;&#x79;&#x65;&#x72;n&#46;&#x64;&#x65;<\/a><\/p>\n","protected":false},"excerpt":{"rendered":"<p>Hiermit informieren wir Sie \u00fcber Zweck, Umfang und Verwendung Ihrer im Zusammenhang mit einer Bewerbung erhobenen personenbezogenen Daten. Erhebung, Verarbeitung und Nutzung Ihrer Daten erfolgt in \u00dcbereinstimmung mit geltendem Datenschutzrecht und&#8230;<\/p>\n","protected":false},"author":2,"featured_media":0,"parent":0,"menu_order":0,"comment_status":"closed","ping_status":"closed","template":"","meta":{"footnotes":""},"class_list":["post-1329","page","type-page","status-publish","hentry"],"_links":{"self":[{"href":"https:\/\/www.suroflex.de\/de_DE\/wp-json\/wp\/v2\/pages\/1329","targetHints":{"allow":["GET"]}}],"collection":[{"href":"https:\/\/www.suroflex.de\/de_DE\/wp-json\/wp\/v2\/pages"}],"about":[{"href":"https:\/\/www.suroflex.de\/de_DE\/wp-json\/wp\/v2\/types\/page"}],"author":[{"embeddable":true,"href":"https:\/\/www.suroflex.de\/de_DE\/wp-json\/wp\/v2\/users\/2"}],"replies":[{"embeddable":true,"href":"https:\/\/www.suroflex.de\/de_DE\/wp-json\/wp\/v2\/comments?post=1329"}],"version-history":[{"count":14,"href":"https:\/\/www.suroflex.de\/de_DE\/wp-json\/wp\/v2\/pages\/1329\/revisions"}],"predecessor-version":[{"id":1394,"href":"https:\/\/www.suroflex.de\/de_DE\/wp-json\/wp\/v2\/pages\/1329\/revisions\/1394"}],"wp:attachment":[{"href":"https:\/\/www.suroflex.de\/de_DE\/wp-json\/wp\/v2\/media?parent=1329"}],"curies":[{"name":"wp","href":"https:\/\/api.w.org\/{rel}","templated":true}]}}