{"id":164,"date":"2017-09-21T11:29:38","date_gmt":"2017-09-21T09:29:38","guid":{"rendered":"https:\/\/www.suroflex.de\/?page_id=164"},"modified":"2017-10-18T09:54:04","modified_gmt":"2017-10-18T07:54:04","slug":"produkte-und-materialien-der-suroflex-gmbh","status":"publish","type":"page","link":"https:\/\/www.suroflex.de\/de_DE\/produkte-und-materialien-der-suroflex-gmbh\/","title":{"rendered":"Materialien Suroflex"},"content":{"rendered":"<p><span style=\"font-family: arial,helvetica,sans-serif;\"><strong>Materialien &#038; Produkte der Suroflex GmbH:<\/strong><\/span><\/p>\n<ul>\n<li><span style=\"color: #ee9634; font-family: arial,helvetica,sans-serif;\"><strong>AbSorFace<\/strong><\/span><br \/>\n <span style=\"font-family: arial,helvetica,sans-serif;\"> Breitbandig wirksames, leichtes Abdeckvlies zur Erh\u00f6hung der akustischen Absorption<\/span><\/li>\n<li><span style=\"color: #ee9634; font-family: arial,helvetica,sans-serif;\"><strong>AbSorFace Ultra<\/strong><\/span><br \/>\n <span style=\"font-family: arial,helvetica,sans-serif;\"> Leichtes Abdeckvlies zur Erh\u00f6hung der Absorption. Gegen\u00fcber AbSorFace st\u00e4rkere Wirkung im niederfrequenten Bereich<\/span><\/li>\n<li><span style=\"color: #ee9634; font-family: arial,helvetica,sans-serif;\"><strong>SUROBOND<\/strong><\/span><br \/>\n <span style=\"font-family: arial,helvetica,sans-serif;\"> Thermoplastisch gebundenes Mischfaservlies<\/span><\/li>\n<li><span style=\"color: #ee9634; font-family: arial,helvetica,sans-serif;\"><strong>SUROBOND PLUS<\/strong><\/span><br \/>\n <span style=\"font-family: arial,helvetica,sans-serif;\"> Thermoplastisch gebundenes Mischfaservlies mit unserem akustischen AbSorFace<\/span><\/li>\n<li><span style=\"color: #ee9634; font-family: arial,helvetica,sans-serif;\"><strong>SUROLOFT<\/strong><\/span><br \/>\n <span style=\"font-family: arial,helvetica,sans-serif;\"> Thermoplastisch gebundenes Mischfaservlies f\u00fcr den Leichtbau mit unserem akustischen AbSorFace<\/span><\/li>\n<li><span style=\"color: #ee9634; font-family: arial,helvetica,sans-serif;\"><strong>SUROLOFT ULTRA<\/strong><\/span><br \/>\n <span style=\"font-family: arial,helvetica,sans-serif;\"> Thermoplastisch gebundenes Mischfaservlies f\u00fcr den Leichtbau und mit akustischem AbSorFace Ultra<\/span><\/li>\n<li><span style=\"color: #ee9634; font-family: arial,helvetica,sans-serif;\"><strong>SUROLOFT PET\/SUROLOFT PET-M<\/strong><\/span><br \/>\n <span style=\"font-family: arial,helvetica,sans-serif;\"> Polyesterbasierte Absorbervliese aus Fasern mittlerer und feiner Durchmesser<\/span><\/li>\n<li><span style=\"color: #ee9634; font-family: arial,helvetica,sans-serif;\"><strong>SURODUR\/SUROPREG<\/strong><\/span><br \/>\n <span style=\"font-family: arial,helvetica,sans-serif;\"> Duroplastisch gebundenes Vlies mit Phenolharz<\/span><\/li>\n<li><span style=\"font-family: arial,helvetica,sans-serif; color: #ee9600;\"><strong>SURODUR E<\/strong><\/span><br \/>\n <span style=\"font-family: arial,helvetica,sans-serif;\"> Duroplastisch gebundenes Vlies mit Hexatetramin-freiem Phenolharz<\/span><\/li>\n<li><span style=\"color: #ee9634;\"><strong><span style=\"font-family: arial,helvetica,sans-serif;\">SURODUR T<\/span><\/strong><\/span><br \/>\n <span style=\"font-family: arial,helvetica,sans-serif;\">Duroplastisch mit einem \u00fcberwiegend aus Naturprodukten bestehenden Harz gebundenes Vlies<\/span><\/li>\n<li><span style=\"color: #ee9634; font-family: arial,helvetica,sans-serif;\"><strong>SURODUR EP<\/strong><\/span><br \/>\n <span style=\"font-family: arial,helvetica,sans-serif;\"> Duroplastisch gebundenes Vlies mit Epoxidharz*<\/span><\/li>\n<\/ul>\n<p><strong><span style=\"font-family: arial,helvetica,sans-serif;\">Eignung der Materialien f\u00fcr:<\/span><\/strong><\/p>\n<table class=\" alignleft\" style=\"width: 684px;\">\n<tbody>\n<tr>\n<td style=\"width: 148px; text-align: center;\"><strong><span style=\"font-family: arial,helvetica,sans-serif;\"><br \/>\n Material<\/span><\/strong><\/td>\n<td style=\"width: 118.583px; text-align: center;\"><strong><span style=\"font-family: arial,helvetica,sans-serif;\">W\u00e4rme-isolation<\/span><\/strong><\/td>\n<td style=\"width: 112.417px; text-align: center;\"><strong><span style=\"font-family: arial,helvetica,sans-serif;\">W\u00e4rme-best\u00e4ndigkeit<\/span><\/strong><\/td>\n<td style=\"width: 129px; text-align: center;\"><strong><span style=\"font-family: arial,helvetica,sans-serif;\"><br \/>\n Schallabsorption<\/span><\/strong><\/td>\n<td style=\"width: 131px; text-align: center;\"><strong><span style=\"font-family: arial,helvetica,sans-serif;\"><br \/>\n Verkleidungsteile<\/span><\/strong><\/td>\n<\/tr>\n<tr>\n<td style=\"width: 148px;\"><span style=\"color: #ee9600;\"><strong><span style=\"font-family: arial,helvetica,sans-serif;\">Surobond<\/span><\/strong><\/span><\/td>\n<td style=\"text-align: center; width: 118.583px;\">+<\/td>\n<td style=\"text-align: center; width: 112.417px;\"><span style=\"font-family: arial,helvetica,sans-serif;\">\u2264 90 \u00b0C<\/span><\/td>\n<td style=\"text-align: center; width: 129px;\">+\/-<\/td>\n<td style=\"text-align: center; width: 131px;\">&#8211;<\/td>\n<\/tr>\n<tr>\n<td style=\"width: 148px;\"><span style=\"color: #ee9600;\"><strong><span style=\"font-family: arial,helvetica,sans-serif;\">Surobond Plus<\/span><\/strong><\/span><\/td>\n<td style=\"text-align: center; width: 118.583px;\">+<\/td>\n<td style=\"text-align: center; width: 112.417px;\"><span style=\"font-family: arial,helvetica,sans-serif;\">\u2264 90 \u00b0C<\/span><\/td>\n<td style=\"text-align: center; width: 129px;\">++<\/td>\n<td style=\"text-align: center; width: 131px;\">&#8211;<\/td>\n<\/tr>\n<tr>\n<td style=\"width: 148px;\"><span style=\"color: #ee9600;\"><strong><span style=\"font-family: arial,helvetica,sans-serif;\">Suroloft<\/span><\/strong><\/span><\/td>\n<td style=\"text-align: center; width: 118.583px;\">++<\/td>\n<td style=\"text-align: center; width: 112.417px;\"><span style=\"font-family: arial,helvetica,sans-serif;\">\u2264 90 \u00b0C<\/span><\/td>\n<td style=\"text-align: center; width: 129px;\">+<\/td>\n<td style=\"text-align: center; width: 131px;\">&#8212;<\/td>\n<\/tr>\n<tr>\n<td style=\"width: 148px;\"><span style=\"color: #ee9600;\"><strong><span style=\"font-family: arial,helvetica,sans-serif;\">Suroloft Ultra<\/span><\/strong><\/span><\/td>\n<td style=\"text-align: center; width: 118.583px;\">++<\/td>\n<td style=\"text-align: center; width: 112.417px;\"><span style=\"font-family: arial,helvetica,sans-serif;\">\u2264 90 \u00b0C<\/span><\/td>\n<td style=\"text-align: center; width: 129px;\">++<\/td>\n<td style=\"text-align: center; width: 131px;\">&#8212;<\/td>\n<\/tr>\n<tr>\n<td style=\"width: 148px;\"><span style=\"color: #ee9600;\"><strong><span style=\"font-family: arial,helvetica,sans-serif;\">Suroloft PET<\/span><\/strong><\/span><\/td>\n<td style=\"text-align: center; width: 118.583px;\">+<\/td>\n<td style=\"text-align: center; width: 112.417px;\"><span style=\"font-family: arial,helvetica,sans-serif;\">\u2264 90 \u00b0C<\/span><\/td>\n<td style=\"text-align: center; width: 129px;\">+\/-<\/td>\n<td style=\"text-align: center; width: 131px;\">&#8211;<\/td>\n<\/tr>\n<tr>\n<td style=\"width: 148px;\"><span style=\"color: #ee9600;\"><strong><span style=\"font-family: arial,helvetica,sans-serif;\">Surodur<\/span><\/strong><\/span><\/td>\n<td style=\"text-align: center; width: 118.583px;\">+\/-<\/td>\n<td style=\"text-align: center; width: 112.417px;\"><span style=\"font-family: arial,helvetica,sans-serif;\">> 130 \u00b0C<\/span><\/td>\n<td style=\"text-align: center; width: 129px;\">+\/-<\/td>\n<td style=\"text-align: center; width: 131px;\">++<\/td>\n<\/tr>\n<tr>\n<td style=\"width: 148px;\"><span style=\"color: #ee9600;\"><strong><span style=\"font-family: arial,helvetica,sans-serif;\">Surodur E<\/span><\/strong><\/span><\/td>\n<td style=\"text-align: center; width: 118.583px;\">+\/-<\/td>\n<td style=\"text-align: center; width: 112.417px;\"><span style=\"font-family: arial,helvetica,sans-serif;\">> 130 \u00b0C<\/span><\/td>\n<td style=\"text-align: center; width: 129px;\">+\/-<\/td>\n<td style=\"text-align: center; width: 131px;\">+<\/td>\n<\/tr>\n<tr>\n<td style=\"width: 148px;\"><span style=\"color: #ee9600;\"><strong><span style=\"font-family: arial,helvetica,sans-serif;\">Surodur T<\/span><\/strong><\/span><\/td>\n<td style=\"text-align: center; width: 118.583px;\">+\/-<\/td>\n<td style=\"text-align: center; width: 112.417px;\"><span style=\"font-family: arial,helvetica,sans-serif;\">> 130 \u00b0C<\/span><\/td>\n<td style=\"text-align: center; width: 129px;\">+\/-<\/td>\n<td style=\"text-align: center; width: 131px;\">+<\/td>\n<\/tr>\n<tr>\n<td style=\"width: 148px;\"><span style=\"color: #ee9600;\"><strong><span style=\"font-family: arial,helvetica,sans-serif;\">Surodur EP<\/span><\/strong><\/span><\/td>\n<td style=\"text-align: center; width: 118.583px;\">+\/-<\/td>\n<td style=\"text-align: center; width: 112.417px;\"><span style=\"font-family: arial,helvetica,sans-serif;\">> 130 \u00b0C<\/span><\/td>\n<td style=\"text-align: center; width: 129px;\">+\/-<\/td>\n<td style=\"text-align: center; width: 131px;\">+<\/td>\n<\/tr>\n<\/tbody>\n<\/table>\n<p>\u00a0<\/p>\n<p>\u00a0<\/p>\n<p>\u00a0<\/p>\n<p>\u00a0<\/p>\n<p>\u00a0<\/p>\n<p>\u00a0<\/p>\n<p>\u00a0<\/p>\n<p>\u00a0<\/p>\n<p>\u00a0<\/p>\n<p><span style=\"color: #ee9634;\"><strong>SURODUR EP<\/strong>:<\/span><em> Das eingesetzte Epoxidharz ist ein Prim\u00e4rprodukt der chemischen Industrie und besteht nicht aus aufgearbeiteten Pulverlackresten. <\/em><\/p>\n","protected":false},"excerpt":{"rendered":"<p><span style=\"font-family: arial,helvetica,sans-serif;\"><strong>Materialien &#038; Produkte der Suroflex GmbH:<\/strong><\/span><\/p>\n<ul>\n<li><span style=\"color: #ee9634; font-family: arial,helvetica,sans-serif;\"><strong>AbSorFace<\/strong><\/span><br \/>&#8230;<br \/>\n","protected":false},"author":2,"featured_media":0,"parent":0,"menu_order":0,"comment_status":"closed","ping_status":"closed","template":"","meta":{"footnotes":""},"class_list":["post-164","page","type-page","status-publish","hentry"],"_links":{"self":[{"href":"https:\/\/www.suroflex.de\/de_DE\/wp-json\/wp\/v2\/pages\/164","targetHints":{"allow":["GET"]}}],"collection":[{"href":"https:\/\/www.suroflex.de\/de_DE\/wp-json\/wp\/v2\/pages"}],"about":[{"href":"https:\/\/www.suroflex.de\/de_DE\/wp-json\/wp\/v2\/types\/page"}],"author":[{"embeddable":true,"href":"https:\/\/www.suroflex.de\/de_DE\/wp-json\/wp\/v2\/users\/2"}],"replies":[{"embeddable":true,"href":"https:\/\/www.suroflex.de\/de_DE\/wp-json\/wp\/v2\/comments?post=164"}],"version-history":[{"count":67,"href":"https:\/\/www.suroflex.de\/de_DE\/wp-json\/wp\/v2\/pages\/164\/revisions"}],"predecessor-version":[{"id":569,"href":"https:\/\/www.suroflex.de\/de_DE\/wp-json\/wp\/v2\/pages\/164\/revisions\/569"}],"wp:attachment":[{"href":"https:\/\/www.suroflex.de\/de_DE\/wp-json\/wp\/v2\/media?parent=164"}],"curies":[{"name":"wp","href":"https:\/\/api.w.org\/{rel}","templated":true}]}}