{"id":170,"date":"2017-09-21T11:41:25","date_gmt":"2017-09-21T09:41:25","guid":{"rendered":"https:\/\/www.suroflex.de\/?page_id=170"},"modified":"2024-07-22T14:45:59","modified_gmt":"2024-07-22T12:45:59","slug":"qualitaet","status":"publish","type":"page","link":"https:\/\/www.suroflex.de\/de_DE\/qualitaet\/","title":{"rendered":"Qualit\u00e4t"},"content":{"rendered":"<p><span style=\"font-family: arial,helvetica,sans-serif;\">Die Produkte der SUROFLEX GmbH werden in hochwertige Fahrzeuge und Haushaltsger\u00e4te eingebaut.<\/span><\/p>\n<p><span style=\"font-family: arial,helvetica,sans-serif;\">Unsere Kunden konnten ihre Position am Markt nur durch einen \u00fcberragenden Qualit\u00e4tsstandard erreichen. Da die Zufriedenheit unserer Kunden auch unseren langfristigen Erfolg bestimmt, wollen wir nur hochwertige Produkte einwandfreier Qualit\u00e4t liefern und den Kunden durch eine umfassende Betreuung in allen Belangen voll zufriedenstellen.<\/span><\/p>\n<p><span style=\"font-family: arial,helvetica,sans-serif;\">Das QM-System basiert auf den f\u00fcnf S\u00e4ulen der Unternehmenspolitik:<\/span><\/p>\n<ul>\n<li><span style=\"font-family: arial,helvetica,sans-serif;\">Kundenorientierung<\/span><\/li>\n<li><span style=\"font-family: arial,helvetica,sans-serif;\">Prozess- und Produktoptimierung<\/span><\/li>\n<li><span style=\"font-family: arial,helvetica,sans-serif;\">Mitarbeiterorientierung<\/span><\/li>\n<li><span style=\"font-family: arial,helvetica,sans-serif;\">Innovation und<\/span><\/li>\n<li><span style=\"font-family: arial,helvetica,sans-serif;\">Umwelt<\/span><\/li>\n<\/ul>\n<p><span style=\"font-family: arial,helvetica,sans-serif;\">Der Begriff Qualit\u00e4t ist hierbei nicht nur auf unser Endprodukt beschr\u00e4nkt, sondern umfasst den gesamten Ablauf im Unternehmen von Entwicklung und Herstellung \u00fcber Auslieferung bis zur Kundenbetreuung.<\/span><\/p>\n<p><span style=\"font-family: arial,helvetica,sans-serif;\">Durch diese Qualit\u00e4tspolitik haben wir bisher beachtliche Erfolge erzielt, die das Unternehmen entsprechend st\u00e4rken konnten und den Ausbau unserer Marktposition wesentlich unterst\u00fctzten. Dies wird durch eine sehr gute Bewertung der Qualit\u00e4t unserer Produkte durch unsere Kunden best\u00e4tigt.<\/span><\/p>\n<p><span style=\"font-family: arial,helvetica,sans-serif;\">Insgesamt wollen wir durch optimierte Produkte unsere Position am Markt festigen und unser Unternehmen und die damit verbundenen Arbeitspl\u00e4tze sichern. Um bisher erzielten Erfolge fortzusetzen ist es notwendig, den begonnenen Weg weiterhin konsequent zu verfolgen. Die entscheidende Herausforderung ist dabei, das QM-System weiter zu entwicklen und das Verst\u00e4ndnis aller Mitarbeiter f\u00fcr Qualit\u00e4t zur Selbstverst\u00e4ndlichkeit zu machen.<\/span><\/p>\n<p><span style=\"font-family: arial,helvetica,sans-serif;\">Das Werk ist zertifiziert nach<\/span><\/p>\n<ul>\n<li><span style=\"font-family: arial,helvetica,sans-serif;\"><a title=\"Zertifikat ISO TS 16949 Suroflex GmbH\" href=\"https:\/\/www.suroflex.de\/wp-content\/uploads\/2024\/07\/Zertifikat-IATF-16949-deutsch.pdf\" target=\"_blank\" rel=\"noopener noreferrer\">IATF 16949:2016<\/a><\/span><\/li>\n<li><span style=\"font-family: arial,helvetica,sans-serif;\"><a title=\"Zertifikat ISO 14001 Suroflex GmbH\" href=\"https:\/\/www.suroflex.de\/wp-content\/uploads\/2024\/07\/Zertifikat-ISO-14001-deutsch.pdf\" target=\"_blank\" rel=\"noopener noreferrer\">DIN EN ISO 14001<\/a><\/span><\/li>\n<li><span style=\"font-family: arial,helvetica,sans-serif;\"><a title=\"Zertifikat ISO 50001 CCC Suroflex GmbH\" href=\"https:\/\/www.suroflex.de\/wp-content\/uploads\/2024\/07\/Zertifikat-ISO-50001-deutsch.pdf\" target=\"_blank\" rel=\"noopener noreferrer\">DIN EN ISO 50001<\/a><\/span><\/li>\n<\/ul>\n","protected":false},"excerpt":{"rendered":"<p><span style=\"font-family: arial,helvetica,sans-serif;\">Die Produkte der SUROFLEX GmbH werden in hochwertige Fahrzeuge und Haushaltsger\u00e4te eingebaut.<\/span><\/p>\n<p><span style=\"font-family: arial,helvetica,sans-serif;\">Unsere Kunden konnten ihre P&#8230;<\/p>\n","protected":false},"author":2,"featured_media":0,"parent":0,"menu_order":0,"comment_status":"closed","ping_status":"closed","template":"","meta":{"footnotes":""},"class_list":["post-170","page","type-page","status-publish","hentry"],"_links":{"self":[{"href":"https:\/\/www.suroflex.de\/de_DE\/wp-json\/wp\/v2\/pages\/170","targetHints":{"allow":["GET"]}}],"collection":[{"href":"https:\/\/www.suroflex.de\/de_DE\/wp-json\/wp\/v2\/pages"}],"about":[{"href":"https:\/\/www.suroflex.de\/de_DE\/wp-json\/wp\/v2\/types\/page"}],"author":[{"embeddable":true,"href":"https:\/\/www.suroflex.de\/de_DE\/wp-json\/wp\/v2\/users\/2"}],"replies":[{"embeddable":true,"href":"https:\/\/www.suroflex.de\/de_DE\/wp-json\/wp\/v2\/comments?post=170"}],"version-history":[{"count":39,"href":"https:\/\/www.suroflex.de\/de_DE\/wp-json\/wp\/v2\/pages\/170\/revisions"}],"predecessor-version":[{"id":1465,"href":"https:\/\/www.suroflex.de\/de_DE\/wp-json\/wp\/v2\/pages\/170\/revisions\/1465"}],"wp:attachment":[{"href":"https:\/\/www.suroflex.de\/de_DE\/wp-json\/wp\/v2\/media?parent=170"}],"curies":[{"name":"wp","href":"https:\/\/api.w.org\/{rel}","templated":true}]}}