{"id":290,"date":"2017-09-29T09:22:09","date_gmt":"2017-09-29T07:22:09","guid":{"rendered":"https:\/\/www.suroflex.de\/?page_id=290"},"modified":"2021-07-02T08:19:01","modified_gmt":"2021-07-02T06:19:01","slug":"produkte-der-suroflex-gmbh","status":"publish","type":"page","link":"https:\/\/www.suroflex.de\/de_DE\/produkte-der-suroflex-gmbh\/","title":{"rendered":"Produkte der Suroflex"},"content":{"rendered":"<h4><span style=\"font-family: arial,helvetica,sans-serif;\"><strong>Schall- und W\u00e4rmeisolation:<\/strong><\/span><\/h4>\n<p><span style=\"font-family: arial,helvetica,sans-serif;\">Duroplastisch (<strong><span style=\"color: #ee9600;\">Surodur<\/span><\/strong>) und thermoplastisch gebundene Vliese (<strong><span style=\"color: #ee9600;\">Surobond &amp; Suroloft<\/span><\/strong>) der Suroflex GmbH werden zur Schallabsorption und W\u00e4rmeisolierung sowohl in\u00a0 Personen- und Lastkraftwagen, als auch in Haushaltsger\u00e4ten eingesetzt. <\/span><\/p>\n<p><span style=\"font-family: arial,helvetica,sans-serif;\">Sehr gute schall- und w\u00e4rmeisolierenden Eigenschaften haben unsere thermoplastisch gebundenen, mit <span style=\"color: #ee9635;\"><strong>AbSorFace<\/strong><\/span> oder <strong><span style=\"color: #ee9635;\">AbSorFace Ultra<\/span><\/strong> ausgestatteten Vliese geringer Dichte (<strong><span style=\"color: #ee9635;\">Suroloft &amp; Suroloft Ultra<\/span><\/strong>). Hervorzuheben ist ihre Eigenschaft, sich leicht verdichten zu lassen, so dass sie sich Engstellen anpassen k\u00f6nnen. Dadurch kann in vielen F\u00e4llen ein Freischnitt &#8211; und damit eine akustische Leckage &#8211; vermieden werden.<\/span><\/p>\n<p><span style=\"font-family: arial,helvetica,sans-serif;\">Gute bis sehr gute akustische Absorption sind die Hauptfunktion unserer thermoplastisch gebundenen Vliese mittlerer Dichten (<strong><span style=\"color: #ee9635;\">Surobond &amp; Surobond PLUS<\/span><\/strong>). Bei unseren duroplastisch gebundenen Vliesen kommt eine sehr gute W\u00e4rmebest\u00e4ndigkeit (&gt; 130 \u00b0C) hinzu.<\/span><\/p>\n<p><span style=\"font-family: arial,helvetica,sans-serif;\">Das folgende Bild zeigt ein Bauteil zur Schallabsorbierung im Kofferraum eines Personenkraftwagens (<strong><span style=\"color: #ee9634;\">Surobond PLUS<\/span><\/strong>):<\/span><\/p>\n<p><img loading=\"lazy\" decoding=\"async\" class=\"aligncenter\" src=\"https:\/\/www.suroflex.de\/wp-content\/uploads\/2017\/10\/Absorber_Gepaeckraum_SF01k.jpg\" alt=\"Bauteil zur Schallabsorption im Kofferraum\" width=\"600\" height=\"400\" \/><\/p>\n<h4><span style=\"font-family: arial,helvetica,sans-serif;\">Selbstragende Bauteile mit akustischer Absorption:<\/span><\/h4>\n<p><span style=\"font-family: arial,helvetica,sans-serif;\">Duroplastisch mit Phenolharz (<strong><span style=\"color: #ee9600;\">Surodur &amp; Surodur E<\/span><\/strong>) oder Epoxidharz* (<strong><span style=\"color: #ee9600;\">Surodur EP<\/span><\/strong>) gebundene Vliesteile finden sowohl als selbsttragende Verkleidungsteile, als auch als schallabsorbierende Bauteile Verwendung. Besonders hervorzuheben sind ihre hohe W\u00e4rmestandfestigkeit, strukturelle Festigkeit und die M\u00f6glichkeit, strukturgebend feste Bereiche mit schallabsorbierenden Bereichen in einem Bauteil kombinieren zu k\u00f6nnen. Das Bild zeigt eine Fu\u00dfraumverkleidung mit integriertem Luftkanal, Ausstr\u00f6m\u00f6ffnungen und schallabsorbierenden Bereichen (<span style=\"color: #ee9600;\"><strong>Surodur E<\/strong><\/span>):<\/span><\/p>\n<p><img loading=\"lazy\" decoding=\"async\" class=\"aligncenter\" src=\"https:\/\/www.suroflex.de\/wp-content\/uploads\/2017\/10\/Fussraumabdeckung_Back_SFk.jpg\" alt=\"Fussraumabdeckung mit Luftkanal\" width=\"600\" height=\"400\" \/><\/p>\n<p><em>*<span style=\"color: #ee9600;\"><strong>Surodur EP:<\/strong><\/span> Das eingesetzte Epoxidharz ist ein Prim\u00e4rprodukt der chemischen Industrie und besteht nicht aus aufgearbeiteten Pulverlackresten. <\/em><\/p>\n<p>&nbsp;<\/p>\n","protected":false},"excerpt":{"rendered":"<h4><span style=\"font-family: arial,helvetica,sans-serif;\"><strong>Schall- und W\u00e4rmeisolation:<\/strong><\/span><\/h4>\n<p><span style=\"font-family: arial,helvetica,sans-serif;\">Duroplastisch (<strong><span style=\"color: #ee9600;\">Surodur<\/span><\/strong...\n<\/p>\n","protected":false},"author":2,"featured_media":0,"parent":0,"menu_order":0,"comment_status":"closed","ping_status":"closed","template":"","meta":{"footnotes":""},"class_list":["post-290","page","type-page","status-publish","hentry"],"_links":{"self":[{"href":"https:\/\/www.suroflex.de\/de_DE\/wp-json\/wp\/v2\/pages\/290","targetHints":{"allow":["GET"]}}],"collection":[{"href":"https:\/\/www.suroflex.de\/de_DE\/wp-json\/wp\/v2\/pages"}],"about":[{"href":"https:\/\/www.suroflex.de\/de_DE\/wp-json\/wp\/v2\/types\/page"}],"author":[{"embeddable":true,"href":"https:\/\/www.suroflex.de\/de_DE\/wp-json\/wp\/v2\/users\/2"}],"replies":[{"embeddable":true,"href":"https:\/\/www.suroflex.de\/de_DE\/wp-json\/wp\/v2\/comments?post=290"}],"version-history":[{"count":44,"href":"https:\/\/www.suroflex.de\/de_DE\/wp-json\/wp\/v2\/pages\/290\/revisions"}],"predecessor-version":[{"id":1110,"href":"https:\/\/www.suroflex.de\/de_DE\/wp-json\/wp\/v2\/pages\/290\/revisions\/1110"}],"wp:attachment":[{"href":"https:\/\/www.suroflex.de\/de_DE\/wp-json\/wp\/v2\/media?parent=290"}],"curies":[{"name":"wp","href":"https:\/\/api.w.org\/{rel}","templated":true}]}}