{"id":300,"date":"2017-09-29T09:24:50","date_gmt":"2017-09-29T07:24:50","guid":{"rendered":"https:\/\/www.suroflex.de\/?page_id=300"},"modified":"2021-07-01T13:45:55","modified_gmt":"2021-07-01T11:45:55","slug":"produkte","status":"publish","type":"page","link":"https:\/\/www.suroflex.de\/de_DE\/produkte\/","title":{"rendered":"Produkte"},"content":{"rendered":"<h4><span style=\"font-family: arial,helvetica,sans-serif;\"><img loading=\"lazy\" decoding=\"async\" class=\"alignright\" style=\"border-width: 2px;\" src=\"https:\/\/www.suroflex.de\/wp-content\/uploads\/2017\/10\/Jute_SF.jpg\" alt=\"Suroflex: Naturfasern - Jute\" width=\"250\" height=\"167\" \/>Direkt aus der Natur<\/span><\/h4>\n<p><span style=\"font-family: arial,helvetica,sans-serif;\">Nachhaltigkeit durch die Verwendung nachwachsender Rohstoffe ist unsere Unternehmensphilosophie. J\u00e4hrlich werden \u00fcber 10.000 Tonnen von Naturfasern wie Baumwolle, Wolle, Jute und Flachs verarbeitet.<br \/>\nH\u00f6chste Qualit\u00e4t durch Entwicklung und Auswahl spezifischer Quellen ist f\u00fcr uns selbstverst\u00e4ndlich.<\/span><\/p>\n<p>&nbsp;<\/p>\n<h4><span style=\"font-family: arial,helvetica,sans-serif;\"><img loading=\"lazy\" decoding=\"async\" class=\"alignleft\" style=\"border-width: 2px;\" src=\"https:\/\/www.suroflex.de\/wp-content\/uploads\/2017\/10\/Jeans_SF.jpg\" alt=\"Suroflex: Abschnitte aus Jeansproduktion\" width=\"250\" height=\"167\" \/>Ein zweites Leben<\/span><\/h4>\n<p><span style=\"font-family: arial,helvetica,sans-serif;\">Zur Schonung nat\u00fcrlicher Ressourcen wird weitgehend auf Konfektionsabschnitte der Bekleidungsindustrie zur\u00fcckgegriffen.<\/span><br \/>\n<span style=\"font-family: arial,helvetica,sans-serif;\"> Manche Jeans hat nicht nur Tragekomfort, sondern auch akustische Wirkung.<\/span><\/p>\n<p>&nbsp;<\/p>\n<h4><span style=\"font-family: arial,helvetica,sans-serif;\"><img loading=\"lazy\" decoding=\"async\" class=\"alignright\" style=\"border-width: 2px;\" src=\"https:\/\/www.suroflex.de\/wp-content\/uploads\/2017\/10\/VliesProd_SF.jpg\" alt=\"Suroflex: Vliesproduktion aerordynamische Vliesanalage\" width=\"250\" height=\"167\" \/>Erschaffen<\/span><\/h4>\n<p><span style=\"font-family: arial,helvetica,sans-serif;\">Modernste Produktionsanlagen sind die Basis hochwertiger technischer Vliesstoffe. Die breite Auswahl verschiedener Produktionsmethoden schaffen die M\u00f6glichkeit zur Herstellung kundenspezifischer L\u00f6sungen.<\/span><\/p>\n<p>&nbsp;<\/p>\n<h4><span style=\"font-family: arial,helvetica,sans-serif;\"><img loading=\"lazy\" decoding=\"async\" class=\"alignleft\" style=\"border-width: 2px;\" src=\"https:\/\/www.suroflex.de\/wp-content\/uploads\/2017\/10\/Labor_SF.jpg\" alt=\"Suroflex: Brenntest im Labor\" width=\"250\" height=\"167\" \/>Premium-Qualit\u00e4t<\/span><\/h4>\n<p><span style=\"font-family: arial,helvetica,sans-serif;\">Ausgew\u00e4hlte Prozesse und st\u00e4ndiger Fokus auf Qualit\u00e4t gew\u00e4hrleisten Produkte f\u00fcr Kunden mit Premium-Anspr\u00fcchen. Das passende Produkt &#8211; nach Kundenwunsch &#8211; zur richtigen Zeit am richtigen Ort.<\/span><\/p>\n<p>&nbsp;<\/p>\n<h4><span style=\"font-family: arial,helvetica,sans-serif;\"><img loading=\"lazy\" decoding=\"async\" class=\"alignright\" style=\"border-width: 2px;\" src=\"https:\/\/www.suroflex.de\/wp-content\/uploads\/2017\/10\/Stanzen_SF.jpg\" alt=\"Suroflex: Stanzteilherstellung\" width=\"250\" height=\"167\" \/>Stanzen<\/span><\/h4>\n<p><span style=\"font-family: arial,helvetica,sans-serif;\">Alles aus einer Hand: Stanzen, Kleben, Zusammenbau. Auf verschiedenen Stanzanlagen werden heute vielf\u00e4ltigste Konturen f\u00fcr die unterschiedlichsten Einsatzzwecke hergestellt.<\/span><br \/>\n<span style=\"font-family: arial,helvetica,sans-serif;\"> Selbstklebende Ausr\u00fcstung erm\u00f6glicht einfachste Montage und Befestigung.<\/span><\/p>\n<p>&nbsp;<\/p>\n<h4><span style=\"font-family: arial,helvetica,sans-serif;\"><img loading=\"lazy\" decoding=\"async\" class=\"alignleft\" style=\"border-width: 2px;\" src=\"https:\/\/www.suroflex.de\/wp-content\/uploads\/2017\/10\/Pressen_SF.jpg\" alt=\"Suroflex: Pressen\" width=\"250\" height=\"167\" \/>Pressen<\/span><\/h4>\n<p><span style=\"font-family: arial,helvetica,sans-serif;\">Formgebung in der 3. Dimension. Unterschiedlichste Material- und Binderkombinationen, ob hei\u00df, ob kalt oder auch vollautomatisch gepresst, decken ein breites Spektrum an Formteilen ab.<\/span><\/p>\n<p>&nbsp;<\/p>\n<h4><span style=\"font-family: arial,helvetica,sans-serif;\"><img loading=\"lazy\" decoding=\"async\" class=\"alignright\" src=\"https:\/\/www.suroflex.de\/wp-content\/uploads\/2017\/10\/Konfektion_SF.jpg\" alt=\"Suroflex: Kaschieren\" width=\"250\" height=\"167\" \/>Veredelung<\/span><\/h4>\n<p><span style=\"font-family: arial,helvetica,sans-serif;\">Ausr\u00fcstung der Oberfl\u00e4chen mit sch\u00fctzenden Folien oder hochwertigen Stoffen mit geschlossenen Kanten bieten anspruchsvolle Optik.<\/span><br \/>\n<span style=\"font-family: arial,helvetica,sans-serif;\"> Anwendungsfreundliche Haptik l\u00e4sst sich in moderne Designs integrieren.<\/span><\/p>\n<p>&nbsp;<\/p>\n<h4><span style=\"font-family: arial,helvetica,sans-serif;\"><img loading=\"lazy\" decoding=\"async\" class=\"alignleft\" src=\"https:\/\/www.suroflex.de\/wp-content\/uploads\/2017\/10\/Fussraumabdeckung_Back_SFk.jpg\" alt=\"Suroflex: Fussraumabdeckung\" width=\"250\" height=\"167\" \/>Zusammenbau<\/span><\/h4>\n<p><span style=\"font-family: arial,helvetica,sans-serif;\">Variantenreiches Zuschneiden f\u00fcr Einbauteile und komplexes F\u00fcgen von Komponenten und Zukaufteilen schlie\u00dfen der Herstellprozess ab. Vollautomatische F\u00fcgeanlagen, aber auch manuelle Prozesse, erlauben flexible L\u00f6sungen.<\/span><\/p>\n<p>&nbsp;<\/p>\n<h4><span style=\"font-family: arial,helvetica,sans-serif;\"><img loading=\"lazy\" decoding=\"async\" class=\"alignright\" src=\"https:\/\/www.suroflex.de\/wp-content\/uploads\/2017\/10\/Absorber_Gepaeckraum_SF02k.jpg\" alt=\"Sound absorbing part for luggage compartment\" width=\"250\" height=\"167\" \/>Komfort<\/span><\/h4>\n<p><span style=\"font-family: arial,helvetica,sans-serif;\">Wir adaptieren und optimieren den zur Verf\u00fcgung stehenden Bauraum in Absorption, D\u00e4mmung und D\u00e4mpfung.<\/span><\/p>\n<p><span style=\"font-family: arial,helvetica,sans-serif;\">Von Natur aus leise.<\/span><\/p>\n","protected":false},"excerpt":{"rendered":"<h4><span style=\"font-family: arial,helvetica,sans-serif;\"><img loading=\"lazy\" decoding=\"async\" class=\"alignright\" style=\"border-width: 2px;\" src=\"https:\/\/www.suroflex.de\/wp-content\/uploads\/2017\/10\/Jute_SF.jpg\" alt=\"Suroflex: Naturfasern - Jute\" width=\"250\" height=\"167\" \/>Direkt au&#8230;<\/p>\n","protected":false},"author":2,"featured_media":0,"parent":0,"menu_order":0,"comment_status":"closed","ping_status":"closed","template":"","meta":{"footnotes":""},"class_list":["post-300","page","type-page","status-publish","hentry"],"_links":{"self":[{"href":"https:\/\/www.suroflex.de\/de_DE\/wp-json\/wp\/v2\/pages\/300","targetHints":{"allow":["GET"]}}],"collection":[{"href":"https:\/\/www.suroflex.de\/de_DE\/wp-json\/wp\/v2\/pages"}],"about":[{"href":"https:\/\/www.suroflex.de\/de_DE\/wp-json\/wp\/v2\/types\/page"}],"author":[{"embeddable":true,"href":"https:\/\/www.suroflex.de\/de_DE\/wp-json\/wp\/v2\/users\/2"}],"replies":[{"embeddable":true,"href":"https:\/\/www.suroflex.de\/de_DE\/wp-json\/wp\/v2\/comments?post=300"}],"version-history":[{"count":49,"href":"https:\/\/www.suroflex.de\/de_DE\/wp-json\/wp\/v2\/pages\/300\/revisions"}],"predecessor-version":[{"id":1081,"href":"https:\/\/www.suroflex.de\/de_DE\/wp-json\/wp\/v2\/pages\/300\/revisions\/1081"}],"wp:attachment":[{"href":"https:\/\/www.suroflex.de\/de_DE\/wp-json\/wp\/v2\/media?parent=300"}],"curies":[{"name":"wp","href":"https:\/\/api.w.org\/{rel}","templated":true}]}}