{"id":37,"date":"2017-09-09T11:09:25","date_gmt":"2017-09-09T09:09:25","guid":{"rendered":"https:\/\/www.suroflex.de\/?page_id=37"},"modified":"2017-10-09T09:55:18","modified_gmt":"2017-10-09T07:55:18","slug":"suroflex","status":"publish","type":"page","link":"https:\/\/www.suroflex.de\/de_DE\/","title":{"rendered":"Suroflex"},"content":{"rendered":"<p><span style=\"font-family: arial,helvetica,sans-serif;\">Die SUROFLEX GmbH mit ihren modernen Werksanlagen besteht seit 1989 in Sulzbach-Rosenberg und besch\u00e4ftigt mehr als 250 Mitarbeiter.<\/span><\/p>\n<p><span style=\"font-family: arial,helvetica,sans-serif;\">Aus textilen Abschnitten der Bekleidungsindustrie stellen wir schallabsorbierende Verkleidungen f\u00fcr den Motor-, Innen- und Kofferraum von Automobilen her. Auch in Hausger\u00e4ten, wie Geschirrsp\u00fclern, Waschmaschinen oder Trocknern werden unsere Faservliese zur W\u00e4rme- und Schallisolation eingesetzt. Als Binder werden Kunstharze oder Schmelzfasern eingesetzt.<\/span><\/p>\n<p><span style=\"font-family: arial,helvetica,sans-serif;\">In den letzten Jahren hat sich unser Unternehmen besonders um neue Produktl\u00f6sungen f\u00fcr den Automobil- und Fahrzeugbau aus innovativen Werkstoffen mit optimierten Emissionswerten, hohen Temperaturbest\u00e4ndigkeiten und bester akustischer Absorption bem\u00fcht.<\/span><\/p>\n<p><span style=\"font-family: arial,helvetica,sans-serif;\">Zu den Kunden der SUROFLEX GmbH z\u00e4hlen namhafte Unternehmen wie beispielsweise BMW, Daimler, Volkswagen sowie BSH Hausger\u00e4te und Miele.<\/span><\/p>\n<p><img loading=\"lazy\" decoding=\"async\" class=\"aligncenter\" style=\"border-width: 2px;\" src=\"https:\/\/www.suroflex.de\/wp-content\/uploads\/2017\/10\/Suroflex_06.jpg\" alt=\"Suroflex Verwaltungs- und Produktionsgeb\u00e4ude\" width=\"600\" height=\"400\" \/><\/p>\n","protected":false},"excerpt":{"rendered":"<p><span style=\"font-family: arial,helvetica,sans-serif;\">Die SUROFLEX GmbH mit ihren modernen Werksanlagen besteht seit 1989 in Sulzbach-Rosenberg und besch\u00e4ftigt mehr als 250 Mitarbeiter.<\/span><\/p>\n<p><span style=\"font-family: arial,helvetica,san...\n<\/p>\n","protected":false},"author":2,"featured_media":0,"parent":0,"menu_order":0,"comment_status":"closed","ping_status":"closed","template":"","meta":{"footnotes":""},"class_list":["post-37","page","type-page","status-publish","hentry"],"_links":{"self":[{"href":"https:\/\/www.suroflex.de\/de_DE\/wp-json\/wp\/v2\/pages\/37","targetHints":{"allow":["GET"]}}],"collection":[{"href":"https:\/\/www.suroflex.de\/de_DE\/wp-json\/wp\/v2\/pages"}],"about":[{"href":"https:\/\/www.suroflex.de\/de_DE\/wp-json\/wp\/v2\/types\/page"}],"author":[{"embeddable":true,"href":"https:\/\/www.suroflex.de\/de_DE\/wp-json\/wp\/v2\/users\/2"}],"replies":[{"embeddable":true,"href":"https:\/\/www.suroflex.de\/de_DE\/wp-json\/wp\/v2\/comments?post=37"}],"version-history":[{"count":17,"href":"https:\/\/www.suroflex.de\/de_DE\/wp-json\/wp\/v2\/pages\/37\/revisions"}],"predecessor-version":[{"id":1083,"href":"https:\/\/www.suroflex.de\/de_DE\/wp-json\/wp\/v2\/pages\/37\/revisions\/1083"}],"wp:attachment":[{"href":"https:\/\/www.suroflex.de\/de_DE\/wp-json\/wp\/v2\/media?parent=37"}],"curies":[{"name":"wp","href":"https:\/\/api.w.org\/{rel}","templated":true}]}}