{"id":533,"date":"2017-10-13T08:41:24","date_gmt":"2017-10-13T06:41:24","guid":{"rendered":"https:\/\/www.suroflex.de\/?page_id=533"},"modified":"2024-06-26T12:07:40","modified_gmt":"2024-06-26T10:07:40","slug":"kontakte","status":"publish","type":"page","link":"https:\/\/www.suroflex.de\/de_DE\/kontakte\/","title":{"rendered":"Kontakte"},"content":{"rendered":"<p><span style=\"font-size: 14pt;\"><strong><span style=\"font-family: arial,helvetica,sans-serif;\">Suroflex GmbH<\/span><\/strong><\/span><\/p>\n<p><span style=\"font-family: arial,helvetica,sans-serif;\">Eisenh\u00e4mmerstr. 9<\/span><br \/>\n<span style=\"font-family: arial,helvetica,sans-serif;\">D-92237 Sulzbach-Rosenberg<\/span><\/p>\n<p><span style=\"font-family: arial,helvetica,sans-serif;\">Telefon: +49 9661 904-0<br \/>\n<\/span><span style=\"font-family: arial,helvetica,sans-serif;\">E-Mail: <a title=\"Anfrage \u00fcber Website\" href=\"&#x6d;&#x61;&#x69;&#x6c;&#x74;&#111;&#58;&#105;&#110;fo&#64;&#x73;&#x75;&#x72;&#x6f;&#x66;&#x6c;&#101;&#120;&#46;de\" target=\"_blank\" rel=\"noopener noreferrer\">&#x69;&#x6e;&#102;o&#x40;&#x73;&#117;ro&#x66;&#x6c;&#101;x&#x2e;&#x64;&#101;<\/a><br \/>\n<\/span><\/p>\n<p>&nbsp;<\/p>\n<table style=\"border-color: #ee9600; width: 33.9292%; height: 101px;\" border=\"2\">\n<tbody>\n<tr style=\"height: 26px;\">\n<td style=\"width: 6.69578%; height: 26px;\">\u00a0<\/td>\n<td style=\"width: 20.6696%; height: 26px; text-align: center;\"><span style=\"font-size: 10pt;\"><strong><span style=\"font-family: arial,helvetica,sans-serif;\">Information<\/span><\/strong><\/span><\/td>\n<td style=\"width: 20.524%; height: 26px; text-align: center;\"><span style=\"font-size: 10pt;\"><strong><span style=\"font-family: arial,helvetica,sans-serif;\">Vertrieb<\/span><\/strong><\/span><\/td>\n<td style=\"width: 24.7453%; height: 26px; text-align: center;\"><span style=\"font-size: 10pt;\"><strong><span style=\"font-family: arial,helvetica,sans-serif;\">Materialwirtschaft<\/span><\/strong><\/span><\/td>\n<td style=\"width: 24.8908%; height: 26px; text-align: center;\"><span style=\"font-size: 10pt;\"><strong><span style=\"font-family: arial,helvetica,sans-serif;\">Personalwesen<br \/>\n<\/span><\/strong><\/span><\/td>\n<\/tr>\n<tr style=\"height: 25px;\">\n<td style=\"width: 6.69578%; height: 25px;\"><span style=\"font-size: 10pt;\"><strong><span style=\"font-family: arial,helvetica,sans-serif;\">E-Mail<\/span><\/strong><\/span><\/td>\n<td style=\"width: 20.6696%; height: 25px; text-align: center;\"><span style=\"font-size: 10pt;\"><a href=\"m&#97;&#x69;&#x6c;t&#111;&#x3a;&#x69;n&#102;&#111;&#x40;&#x73;u&#114;&#x6f;&#x66;l&#101;&#x78;&#x2e;d&#101;\" target=\"_blank\" rel=\"noopener noreferrer\"><span style=\"font-family: arial,helvetica,sans-serif;\">&#105;&#x6e;f&#111;&#x40;s&#117;&#x72;o&#102;&#x6c;e&#120;&#x2e;d&#101;<\/span><\/a><\/span><\/td>\n<td style=\"width: 20.524%; height: 25px; text-align: center;\"><span style=\"font-family: arial,helvetica,sans-serif; font-size: 10pt;\"><a title=\"Request for information via website\" href=\"mail&#116;&#111;&#58;&#115;&#97;&#108;&#101;&#x73;&#x40;&#x73;&#x75;&#x72;&#x6f;&#x66;&#x6c;&#x65;x&#46;de\" target=\"_blank\" rel=\"noopener noreferrer\">&#115;a&#x6c;e&#x73;&#64;&#x73;&#117;&#x72;&#111;f&#x6c;e&#x78;&#46;&#x64;&#101;<\/a><\/span><\/td>\n<td style=\"width: 24.7453%; height: 25px; text-align: center;\"><a href=\"&#109;&#x61;&#x69;&#108;&#x74;&#x6f;:&#x65;&#x6e;r&#105;&#x63;o&#46;&#x70;o&#109;&#x73;e&#108;&#x40;s&#117;&#x72;&#x6f;&#102;&#x6c;&#x65;&#120;&#x2e;&#x64;e\" target=\"_blank\" rel=\"noopener\"><span style=\"font-family: arial, helvetica, sans-serif; font-size: 10pt;\">enr&#105;&#99;&#111;&#x2e;&#x70;&#x6f;&#x6d;&#x73;&#x65;l&#64;s&#117;&#114;&#111;&#102;&#x6c;&#x65;&#x78;&#x2e;&#x64;&#x65;<\/span><\/a><\/td>\n<td style=\"width: 24.8908%; height: 25px; text-align: center;\"><span style=\"font-size: 10pt;\"><a title=\"Application via website\" href=\"&#x6d;&#97;&#x69;&#x6c;&#116;&#x6f;&#x3a;&#98;&#x65;&#x77;&#101;&#x72;&#x62;u&#x6e;&#x67;&#64;&#x73;&#117;r&#x6f;&#102;l&#x65;&#120;&#46;&#x64;&#101;\" target=\"_blank\" rel=\"noopener noreferrer\"><span style=\"font-family: arial,helvetica,sans-serif;\">be&#119;&#101;&#114;&#98;&#x75;&#x6e;&#x67;&#x40;&#x73;ur&#111;&#102;&#108;&#101;&#x78;&#x2e;&#x64;&#x65;<\/span><\/a><\/span><\/td>\n<\/tr>\n<tr style=\"height: 26px;\">\n<td style=\"width: 6.69578%; height: 26px;\"><span style=\"font-size: 10pt;\"><strong><span style=\"font-family: arial,helvetica,sans-serif;\">Fax<\/span><\/strong><\/span><\/td>\n<td style=\"width: 20.6696%; height: 26px; text-align: center;\">\u00a0<\/td>\n<td style=\"width: 20.524%; height: 26px; text-align: center;\">\u00a0<\/td>\n<td style=\"width: 24.7453%; height: 26px; text-align: center;\"><span style=\"font-family: arial,helvetica,sans-serif; font-size: 10pt;\">+49 9661 904-226<\/span><\/td>\n<td style=\"width: 24.8908%; height: 26px; text-align: center;\"><span style=\"font-family: arial,helvetica,sans-serif; font-size: 10pt;\">+49 9661 904-222<\/span><\/td>\n<\/tr>\n<\/tbody>\n<\/table>\n<p>&nbsp;<\/p>\n<p><span style=\"font-family: arial,helvetica,sans-serif;\">Hier finden Sie unsere aktuellen:<\/span><\/p>\n<ul>\n<li><a title=\"Suroflex: Einkaufsbedingungen\" href=\"https:\/\/www.suroflex.de\/wp-content\/uploads\/2024\/05\/Suroflex-Einkaufsbedingungen-Rev.-01.06.24.pdf\" target=\"_blank\" rel=\"noopener noreferrer\"><span style=\"font-family: arial,helvetica,sans-serif;\">Einkaufsbedingungen<\/span><\/a><\/li>\n<li><a title=\"Suroflex: Qualit\u00e4tssicherungsvereinbarung\" href=\"https:\/\/www.suroflex.de\/wp-content\/uploads\/2020\/08\/QSV_Vorlage_Rev-01_08_2020.pdf\" target=\"_blank\" rel=\"noopener noreferrer\"><span style=\"font-family: arial,helvetica,sans-serif;\">Qualit\u00e4tssicherungsvereinbarung<\/span><\/a><\/li>\n<li><a title=\"Suroflex: Lieferantenselbstauskunft\" href=\"https:\/\/www.suroflex.de\/wp-content\/uploads\/2023\/02\/Lieferantenselbstauskunft-FB05.11.0.002F.doc\" target=\"_blank\" rel=\"noopener noreferrer\"><span style=\"font-family: arial,helvetica,sans-serif;\">Lieferantenselbstauskunft<\/span><\/a><\/li>\n<li><a title=\"Suroflex: Verkaufsbedingungen\" href=\"https:\/\/www.suroflex.de\/wp-content\/uploads\/2023\/08\/AGB_Verkauf-Rev.-09.06.2023_DE.pdf\" target=\"_blank\" rel=\"nofollow noopener noreferrer\"><span style=\"font-family: arial,helvetica,sans-serif;\">Verkaufsbedingungen<\/span><\/a><\/li>\n<\/ul>\n<h4><span style=\"font-family: arial, helvetica, sans-serif;\">Pflichtinformationen gem\u00e4\u00df Artikel 13 DS-GVO<\/span><\/h4>\n<p><span style=\"font-family: arial, helvetica, sans-serif;\">Im Falle des Erstkontakts sind wir gem\u00e4\u00df Art. 12, 13 DS-GVO verpflichtet, Ihnen folgende <\/span><span style=\"font-family: arial, helvetica, sans-serif;\">datenschutzrechtliche Pflichtinformationen zur Verf\u00fcgung zu stellen:<\/span><\/p>\n<p><span style=\"font-family: arial, helvetica, sans-serif;\">Wenn Sie uns per E-Mail kontaktieren, <\/span><span style=\"font-family: arial, helvetica, sans-serif;\">verarbeiten wir Ihre personenbezogenen Daten nur, soweit an der Verarbeitung ein berechtigtes Interesse <\/span><span style=\"font-family: arial, helvetica, sans-serif;\">besteht (Art. 6 Abs. 1 lit. f DS-GVO), Sie in die Datenverarbeitung eingewilligt haben (Art. 6 Abs. 1 lit. a<\/span> <span style=\"font-family: arial, helvetica, sans-serif;\">DS-GVO), die Verarbeitung f\u00fcr die Anbahnung, Begr\u00fcndung, inhaltliche Ausgestaltung oder \u00c4nderung eines\u00a0 <\/span><span style=\"font-family: arial, helvetica, sans-serif;\">Rechtsverh\u00e4ltnisses zwischen Ihnen und uns erforderlich sind (Art. 6 Abs. 1 lit. b DS-GVO) oder eine sonstige <\/span><span style=\"font-family: arial, helvetica, sans-serif;\">Rechtsnorm die Verarbeitung gestattet.<\/span><\/p>\n<p><span style=\"font-family: arial, helvetica, sans-serif;\">Ihre personenbezogenen Daten verbleiben bei uns, bis Sie uns zur <\/span><span style=\"font-family: arial, helvetica, sans-serif;\">L\u00f6schung auffordern, Ihre Einwilligung zur Speicherung widerrufen oder der Zweck f\u00fcr die <\/span><span style=\"font-family: arial, helvetica, sans-serif;\">Datenspeicherung entf\u00e4llt (z.B. nach abgeschlossener Bearbeitung Ihres Anliegens). Zwingende gesetzliche<\/span> <span style=\"font-family: arial, helvetica, sans-serif;\">Bestimmungen \u2013 insbesondere steuer- und handelsrechtliche Aufbewahrungsfristen \u2013 bleiben unber\u00fchrt. Sie<\/span> <span style=\"font-family: arial, helvetica, sans-serif;\">haben jederzeit das Recht, unentgeltlich Auskunft \u00fcber Herkunft, Empf\u00e4nger und Zweck Ihrer gespeicherten <\/span><span style=\"font-family: arial, helvetica, sans-serif;\">personenbezogenen Daten zu erhalten. Ihnen steht au\u00dferdem ein Recht auf Widerspruch, auf<\/span> <span style=\"font-family: arial, helvetica, sans-serif;\">Daten\u00fcbertragbarkeit und ein Beschwerderecht bei der zust\u00e4ndigen Aufsichtsbeh\u00f6rde zu. Ferner k\u00f6nnen <\/span><span style=\"font-family: arial, helvetica, sans-serif;\">Sie die Berichtigung, die L\u00f6schung und unter bestimmten Umst\u00e4nden die Einschr\u00e4nkung der Verarbeitung<\/span> <span style=\"font-family: arial, helvetica, sans-serif;\">Ihrer personenbezogenen Daten verlangen.<\/span><\/p>\n<p><span style=\"font-family: arial, helvetica, sans-serif;\">Details entnehmen Sie unserer <\/span><span style=\"font-family: arial, helvetica, sans-serif;\"><a title=\"Datenschutzerkl\u00e4rung Suroflex GmbH\" href=\"https:\/\/www.suroflex.de\/de_DE\/datenschutzerklaerung\/\" target=\"_blank\" rel=\"noopener noreferrer\">Datenschutzerkl\u00e4rung<\/a>. Unseren Datenschutzbeauftragten erreichen Sie unter <\/span><span style=\"font-family: arial, helvetica, sans-serif;\"><a href=\"&#x6d;&#97;&#105;l&#x74;&#x6f;&#58;d&#x61;&#x74;&#101;n&#x73;&#x63;&#104;u&#x74;&#x7a;&#64;s&#x75;&#x72;&#111;f&#x6c;&#x65;&#120;&#46;d&#x65;\" target=\"_blank\" rel=\"noopener noreferrer\">d&#97;&#116;&#x65;&#x6e;sc&#104;&#117;&#x74;&#x7a;&#64;s&#117;&#114;&#x6f;&#x66;le&#120;&#x2e;&#x64;&#x65;<\/a>.<\/span><\/p>\n<p>&nbsp;<\/p>\n","protected":false},"excerpt":{"rendered":"<p><span style=\"font-size: 14pt;\"><strong><span style=\"font-family: arial,helvetica,sans-serif;\">Suroflex GmbH<\/span><\/strong><\/span><\/p>\n<p><span style=\"font-family: arial,helvetica,sans-serif;\">Eisenh\u00e4mmerstr. 9<\/span><br \/>\n<span style=\"font-fam...\n<\/p>\n","protected":false},"author":2,"featured_media":0,"parent":0,"menu_order":0,"comment_status":"closed","ping_status":"closed","template":"","meta":{"footnotes":""},"class_list":["post-533","page","type-page","status-publish","hentry"],"_links":{"self":[{"href":"https:\/\/www.suroflex.de\/de_DE\/wp-json\/wp\/v2\/pages\/533","targetHints":{"allow":["GET"]}}],"collection":[{"href":"https:\/\/www.suroflex.de\/de_DE\/wp-json\/wp\/v2\/pages"}],"about":[{"href":"https:\/\/www.suroflex.de\/de_DE\/wp-json\/wp\/v2\/types\/page"}],"author":[{"embeddable":true,"href":"https:\/\/www.suroflex.de\/de_DE\/wp-json\/wp\/v2\/users\/2"}],"replies":[{"embeddable":true,"href":"https:\/\/www.suroflex.de\/de_DE\/wp-json\/wp\/v2\/comments?post=533"}],"version-history":[{"count":98,"href":"https:\/\/www.suroflex.de\/de_DE\/wp-json\/wp\/v2\/pages\/533\/revisions"}],"predecessor-version":[{"id":1456,"href":"https:\/\/www.suroflex.de\/de_DE\/wp-json\/wp\/v2\/pages\/533\/revisions\/1456"}],"wp:attachment":[{"href":"https:\/\/www.suroflex.de\/de_DE\/wp-json\/wp\/v2\/media?parent=533"}],"curies":[{"name":"wp","href":"https:\/\/api.w.org\/{rel}","templated":true}]}}